{"id":203,"date":"2016-06-06T10:19:02","date_gmt":"2016-06-06T09:19:02","guid":{"rendered":"http:\/\/www.maclasse-srs.be\/?page_id=203"},"modified":"2024-08-14T14:58:35","modified_gmt":"2024-08-14T13:58:35","slug":"liens","status":"publish","type":"page","link":"https:\/\/www.maclasse-srs.be\/?page_id=203","title":{"rendered":"Quelques espaces num\u00e9riques int\u00e9ressants&#8230;"},"content":{"rendered":"\n<p><strong>Voici Professeur Phifix. Tu trouveras sur sa plateforme de quoi t&rsquo;exercer en langue fran\u00e7aise et en math\u00e9matiques.<\/strong><\/p>\n\n\n\n<p class=\"has-text-align-center\"><a href=\"https:\/\/www.professeurphifix.net\">https:\/\/www.professeurphifix.net<\/a><\/p>\n\n\n\n<p>___________________________________________________________________________________________<\/p>\n\n\n<p style=\"text-align: justify;\"><strong>Je te pr\u00e9sente le Site de Madame \u00ab\u00a0Flip\u00a0\u00bb. Madame \u00ab\u00a0Flip\u00a0\u00bb est une institutrice fran\u00e7aise qui \u00e9labore des petites vid\u00e9os pour expliquer un contenu en maths ou en langue fran\u00e7aise.<\/strong><\/p>\n<p style=\"text-align: justify;\"><strong>Notre niveau de 5\u00e8me primaire correspond \u00e0 la CM2. Je t&rsquo;invite \u00e0 parcourir ces diff\u00e9rentes vid\u00e9os. Tu y trouvera peut-\u00eatre de quoi t&rsquo;aider.\u00a0<\/strong><\/p>\n<p style=\"text-align: center;\"><a href=\"http:\/\/madameflip.com\/\">Vers le site Internet de Madame \u00ab\u00a0Flip\u00a0\u00bb<\/a><\/p>\n<p>___________________________________________________________________________________________<\/p>\n<p style=\"text-align: left;\"><strong>\u00ab\u00a0L&rsquo;instit.com\u00a0\u00bb est un site d&rsquo;exercices pour tous les niveaux. Un beau moyen de d\u00e9passer ses difficult\u00e9s en reprenant le tout au d\u00e9but.<\/strong><\/p>\n<p style=\"text-align: center;\"><a href=\"http:\/\/www.linstit.com\/exercices-maths-francais-accueil.html\">Vers le site Internet \u00ab\u00a0L&rsquo;instit.com\u00a0\u00bb<\/a><\/p>\n<p>___________________________________________________________________________________________<\/p>\n<p style=\"text-align: left;\"><strong>Ortholud te propose de nombreux exercices en ligne pour t&rsquo;entra\u00eener en grammaire, conjugaison et orthographe.<\/strong><\/p>\n<p style=\"text-align: center;\"><a href=\"https:\/\/www.ortholud.com\/\">https:\/\/www.ortholud.com<\/a><\/p>\n<p>__________________________________________________________________________________________<\/p>\n<p style=\"text-align: left;\"><strong>Voici une encyclop\u00e9die collaborative pour les enfants de 8 \u00e0 13 ans. Elle se nomme Vikidia et peut \u00eatre une belle base pour r\u00e9aliser des recherches. Cependant, n&rsquo;oublie pas le livre !<\/strong><\/p>\n<p style=\"text-align: center;\"><a href=\"https:\/\/fr.vikidia.org\/wiki\/Vikidia:Accueil\">https:\/\/fr.vikidia.org\/wiki\/Vikidia:Accueil<\/a><\/p>\n<p>___________________________________________________________________________________________<\/p>\n<p style=\"text-align: left;\"><strong>Voici un moteur de recherche con\u00e7u pour les jeunes. Des recherches en toute s\u00e9curit\u00e9 ! Des sites adapt\u00e9s.<\/strong><\/p>\n<p style=\"text-align: center;\"><a href=\"https:\/\/www.qwantjunior.com\/\">https:\/\/www.qwantjunior.com\/<\/a><\/p>\n<p>___________________________________________________________________________________________<\/p>","protected":false},"excerpt":{"rendered":"<p>Voici Professeur Phifix. Tu trouveras sur sa plateforme de quoi t&rsquo;exercer en langue fran\u00e7aise et en math\u00e9matiques. https:\/\/www.professeurphifix.net ___________________________________________________________________________________________ Je te pr\u00e9sente le Site de Madame \u00ab\u00a0Flip\u00a0\u00bb. Madame \u00ab\u00a0Flip\u00a0\u00bb est une institutrice fran\u00e7aise qui \u00e9labore des petites vid\u00e9os pour expliquer un contenu en maths ou en langue fran\u00e7aise. Notre niveau de 5\u00e8me primaire correspond \u00e0 [&hellip;]<\/p>\n","protected":false},"author":1,"featured_media":0,"parent":0,"menu_order":0,"comment_status":"closed","ping_status":"closed","template":"","meta":{"footnotes":""},"class_list":["post-203","page","type-page","status-publish","hentry"],"_links":{"self":[{"href":"https:\/\/www.maclasse-srs.be\/index.php?rest_route=\/wp\/v2\/pages\/203","targetHints":{"allow":["GET"]}}],"collection":[{"href":"https:\/\/www.maclasse-srs.be\/index.php?rest_route=\/wp\/v2\/pages"}],"about":[{"href":"https:\/\/www.maclasse-srs.be\/index.php?rest_route=\/wp\/v2\/types\/page"}],"author":[{"embeddable":true,"href":"https:\/\/www.maclasse-srs.be\/index.php?rest_route=\/wp\/v2\/users\/1"}],"replies":[{"embeddable":true,"href":"https:\/\/www.maclasse-srs.be\/index.php?rest_route=%2Fwp%2Fv2%2Fcomments&post=203"}],"version-history":[{"count":12,"href":"https:\/\/www.maclasse-srs.be\/index.php?rest_route=\/wp\/v2\/pages\/203\/revisions"}],"predecessor-version":[{"id":1578,"href":"https:\/\/www.maclasse-srs.be\/index.php?rest_route=\/wp\/v2\/pages\/203\/revisions\/1578"}],"wp:attachment":[{"href":"https:\/\/www.maclasse-srs.be\/index.php?rest_route=%2Fwp%2Fv2%2Fmedia&parent=203"}],"curies":[{"name":"wp","href":"https:\/\/api.w.org\/{rel}","templated":true}]}}