{"id":48,"date":"2015-08-21T16:58:52","date_gmt":"2015-08-21T15:58:52","guid":{"rendered":"http:\/\/www.maclasse-srs.be\/?page_id=48"},"modified":"2025-05-21T22:56:40","modified_gmt":"2025-05-21T21:56:40","slug":"projets","status":"publish","type":"page","link":"https:\/\/www.maclasse-srs.be\/?page_id=48","title":{"rendered":"Il y a du projet dans l&rsquo;air !"},"content":{"rendered":"\n<p>Chaque classe a son histoire. Chaque histoire est faite de projets. Je fais \u00e9galement partie de cette aventure&#8230;<\/p>\n\n\n<p><strong>En 2013, notre classe a adopt\u00e9 un sentier. Ce projet coordonn\u00e9 par l&rsquo;asbl <a href=\"http:\/\/www.sentiers.be\/\">sentiers.be<\/a> continue son chemin. Pour en d\u00e9couvrir les d\u00e9buts&#8230; Voici un lien vers un reportage de notre t\u00e9l\u00e9vision locale :<\/strong><\/p>\n<p><img loading=\"lazy\" decoding=\"async\" class=\"alignnone size-full wp-image-49 aligncenter\" src=\"http:\/\/www.maclasse-srs.be\/wp-content\/uploads\/2015\/08\/sentier.png\" alt=\"\" width=\"100\" height=\"100\" \/><\/p>\n<hr \/>\n<h3>Une exp\u00e9rience \u00ab\u00a0t\u00e9l\u00e9\u00a0\u00bb, cela reste possible ! Apr\u00e8s \u00ab\u00a0Ma classe fait sa t\u00e9l\u00e9\u00a0\u00bb, voici les \u00ab\u00a0NIOUZZ\u00a0\u00bb&#8230; Cette ann\u00e9e encore, nous serons de la partie&#8230;<\/h3>\n<p>Voici un petit aper\u00e7u de ce qui a d\u00e9j\u00e0 \u00e9t\u00e9 r\u00e9alis\u00e9 :<\/p>\n<p><a href=\"https:\/\/www.youtube.com\/watch?v=lFvU6sfh_wk\">\u00ab\u00a0Ma classe fait sa t\u00e9l\u00e9 &#8211; Une pluie de confettis\u00a0\u00bb<\/a><\/p>\n<p style=\"text-align: left;\"><a href=\"https:\/\/www.youtube.com\/watch?v=jkkt1aiAlqE\">\u00ab\u00a0Ma classe fait sa t\u00e9l\u00e9 &#8211; Poull ball\u00a0\u00bb<\/a><\/p>\n<p><img loading=\"lazy\" decoding=\"async\" class=\"alignnone size-full wp-image-50 aligncenter\" src=\"http:\/\/www.maclasse-srs.be\/wp-content\/uploads\/2015\/08\/niouzz.jpg\" alt=\"\" width=\"134\" height=\"76\" \/><\/p>\n<hr \/>\n<h3>Notre classe est num\u00e9rique. 3 x laur\u00e9ate de l&rsquo;appel \u00e0 projet !<\/h3>\n<p><img loading=\"lazy\" decoding=\"async\" class=\"alignnone size-medium wp-image-51 aligncenter\" src=\"http:\/\/www.maclasse-srs.be\/wp-content\/uploads\/2015\/08\/\u00e9cole-num\u00e9rique-300x63.jpg\" alt=\"\" width=\"300\" height=\"63\" srcset=\"https:\/\/www.maclasse-srs.be\/wp-content\/uploads\/2015\/08\/\u00e9cole-num\u00e9rique-300x63.jpg 300w, https:\/\/www.maclasse-srs.be\/wp-content\/uploads\/2015\/08\/\u00e9cole-num\u00e9rique.jpg 360w\" sizes=\"auto, (max-width: 300px) 100vw, 300px\" \/><\/p>\n<hr \/>\n<h3 style=\"text-align: left;\">En 2015, la CROIX-ROUGE a lanc\u00e9 :<\/h3>\n<h3 style=\"text-align: center;\">\u00ab\u00a01 pays sur 10 en guerre ? Cela me regarde !\u00a0\u00bb.<\/h3>\n<h3 style=\"text-align: left;\">Notre projet de proposer le regard des enfants sur cette th\u00e9matique via le dessin de presse \u00e0 \u00e9t\u00e9 retenu.<\/h3>\n<p style=\"text-align: justify;\">Pour mieux conna\u00eetre les enjeux de ce projet r\u00e9alis\u00e9 en collaboration avec la service \u00e9ducation \u00e0 la citoyennet\u00e9 de la Croix-Rouge.<\/p>\n<p><img loading=\"lazy\" decoding=\"async\" class=\"alignnone size-medium wp-image-221 aligncenter\" src=\"http:\/\/www.maclasse-srs.be\/wp-content\/uploads\/2015\/08\/Affiche-Projet-Croix-Rouge-211x300.png\" alt=\"\" width=\"211\" height=\"300\" srcset=\"https:\/\/www.maclasse-srs.be\/wp-content\/uploads\/2015\/08\/Affiche-Projet-Croix-Rouge-211x300.png 211w, https:\/\/www.maclasse-srs.be\/wp-content\/uploads\/2015\/08\/Affiche-Projet-Croix-Rouge.png 438w\" sizes=\"auto, (max-width: 211px) 100vw, 211px\" \/><\/p>\n<hr \/>\n<h3>En 2018, notre projet \u00ab\u00a0Toilet&rsquo; et nous\u00a0\u00bb a \u00e9t\u00e9 retenu&#8230; En route pour r\u00e9nover nos toilettes&#8230;<\/h3>\n<p><img loading=\"lazy\" decoding=\"async\" class=\"alignnone size-full wp-image-611 aligncenter\" src=\"http:\/\/www.maclasse-srs.be\/wp-content\/uploads\/2018\/06\/logo-ne-tournons-pas-autour-du-pot-jaune.png\" alt=\"\" width=\"235\" height=\"70\" \/><\/p>\n<p>Mieux conna\u00eetre ce projet, c&rsquo;est <a href=\"https:\/\/netournonspasautourdupot.be\/\">ici<\/a>.<\/p>\n<hr \/>\n<h3>En 2019, notre classe a \u00e9dit\u00e9 un livre : \u00ab\u00a0Myst\u00e8re \u00e0 l&rsquo;Internat\u00a0\u00bb. Il est en vente dans plusieurs librairies locales et via le site Internet \u00ab\u00a0Le livre en papier\u00a0\u00bb. Pour le commander, c&rsquo;est <a href=\"https:\/\/www.publier-un-livre.com\/fr\/le-livre-en-papier\/1170-mystere-a-l-internat\">ici<\/a>.<\/h3>\n<p><img loading=\"lazy\" decoding=\"async\" class=\"aligncenter wp-image-728 size-medium\" src=\"http:\/\/www.maclasse-srs.be\/wp-content\/uploads\/2019\/09\/Myst\u00e8re-\u00e0-linternat-couverture-184x300.png\" alt=\"\" width=\"184\" height=\"300\" srcset=\"https:\/\/www.maclasse-srs.be\/wp-content\/uploads\/2019\/09\/Myst\u00e8re-\u00e0-linternat-couverture-184x300.png 184w, https:\/\/www.maclasse-srs.be\/wp-content\/uploads\/2019\/09\/Myst\u00e8re-\u00e0-linternat-couverture.png 416w\" sizes=\"auto, (max-width: 184px) 100vw, 184px\" \/><\/p>\n\n\n<hr class=\"wp-block-separator has-css-opacity is-style-wide\"\/>\n\n\n\n<p><strong>En 2021, notre projet \u00ab\u00a0Classe Z\u00e9ro D\u00e9chet\u00a0\u00bb est mis en route. Pour d\u00e9couvrir nos actions, c&rsquo;est<a href=\"http:\/\/classezerodechet.be\/\"> ici<\/a>.<\/strong> <\/p>\n\n\n<div class=\"wp-block-image\">\n<figure class=\"aligncenter size-medium is-resized\"><a href=\"http:\/\/www.maclasse-srs.be\/wp-content\/uploads\/2021\/05\/Ma-classe-ZD.png\"><img loading=\"lazy\" decoding=\"async\" width=\"300\" height=\"271\" src=\"http:\/\/www.maclasse-srs.be\/wp-content\/uploads\/2021\/05\/Ma-classe-ZD-300x271.png\" alt=\"\" class=\"wp-image-1201\" style=\"width:300px;height:271px\" srcset=\"https:\/\/www.maclasse-srs.be\/wp-content\/uploads\/2021\/05\/Ma-classe-ZD-300x271.png 300w, https:\/\/www.maclasse-srs.be\/wp-content\/uploads\/2021\/05\/Ma-classe-ZD-1024x925.png 1024w, https:\/\/www.maclasse-srs.be\/wp-content\/uploads\/2021\/05\/Ma-classe-ZD-768x694.png 768w, https:\/\/www.maclasse-srs.be\/wp-content\/uploads\/2021\/05\/Ma-classe-ZD-1536x1388.png 1536w, https:\/\/www.maclasse-srs.be\/wp-content\/uploads\/2021\/05\/Ma-classe-ZD-2048x1850.png 2048w, https:\/\/www.maclasse-srs.be\/wp-content\/uploads\/2021\/05\/Ma-classe-ZD-624x564.png 624w\" sizes=\"auto, (max-width: 300px) 100vw, 300px\" \/><\/a><figcaption class=\"wp-element-caption\"><a href=\"http:\/\/classezerodechet.be\/\">http:\/\/classezerodechet.be\/<\/a><\/figcaption><\/figure><\/div>\n\n\n<hr class=\"wp-block-separator has-css-opacity\"\/>\n\n\n\n<p><strong>En 2022, notre projet \u00ab\u00a0Lire aux enfants de maternelle\u00a0\u00bb en lien avec la biblioth\u00e8que de Stavelot est lanc\u00e9.<\/strong><\/p>\n\n\n<div class=\"wp-block-image\">\n<figure class=\"aligncenter size-full is-resized\"><a href=\"http:\/\/www.maclasse-srs.be\/wp-content\/uploads\/2022\/03\/Logo-Projet-lecture.png\"><img loading=\"lazy\" decoding=\"async\" width=\"500\" height=\"500\" src=\"http:\/\/www.maclasse-srs.be\/wp-content\/uploads\/2022\/03\/Logo-Projet-lecture.png\" alt=\"\" class=\"wp-image-1506\" style=\"width:299px;height:299px\" srcset=\"https:\/\/www.maclasse-srs.be\/wp-content\/uploads\/2022\/03\/Logo-Projet-lecture.png 500w, https:\/\/www.maclasse-srs.be\/wp-content\/uploads\/2022\/03\/Logo-Projet-lecture-300x300.png 300w, https:\/\/www.maclasse-srs.be\/wp-content\/uploads\/2022\/03\/Logo-Projet-lecture-150x150.png 150w\" sizes=\"auto, (max-width: 500px) 100vw, 500px\" \/><\/a><\/figure><\/div>\n\n\n<hr class=\"wp-block-separator has-alpha-channel-opacity\"\/>\n\n\n\n<p><strong>En 2022, notre projet de r\u00e9alisation d&rsquo;un livre num\u00e9rique po\u00e9tique a \u00e9t\u00e9 retenu dans le cadre de l&rsquo;op\u00e9ration \u00ab\u00a0La plume au bout de la langue\u00a0\u00bb (FWB). Pour d\u00e9couvrir notre oeuvre po\u00e9tique, c&rsquo;est <a href=\"https:\/\/read.bookcreator.com\/YV0yQxR5pPb5tvAbVkGfmJV6pPV2\/QznYKKe8SPqLmDK-y0NMfA\">ici<\/a>.<\/strong><\/p>\n\n\n<div class=\"wp-block-image\">\n<figure class=\"aligncenter size-full is-resized\"><a href=\"https:\/\/read.bookcreator.com\/YV0yQxR5pPb5tvAbVkGfmJV6pPV2\/QznYKKe8SPqLmDK-y0NMfA\"><img loading=\"lazy\" decoding=\"async\" width=\"729\" height=\"727\" src=\"http:\/\/www.maclasse-srs.be\/wp-content\/uploads\/2022\/03\/Capture-decran-2024-08-14-164730.png\" alt=\"\" class=\"wp-image-1599\" style=\"width:250px;height:auto\" srcset=\"https:\/\/www.maclasse-srs.be\/wp-content\/uploads\/2022\/03\/Capture-decran-2024-08-14-164730.png 729w, https:\/\/www.maclasse-srs.be\/wp-content\/uploads\/2022\/03\/Capture-decran-2024-08-14-164730-300x300.png 300w, https:\/\/www.maclasse-srs.be\/wp-content\/uploads\/2022\/03\/Capture-decran-2024-08-14-164730-150x150.png 150w, https:\/\/www.maclasse-srs.be\/wp-content\/uploads\/2022\/03\/Capture-decran-2024-08-14-164730-624x622.png 624w\" sizes=\"auto, (max-width: 729px) 100vw, 729px\" \/><\/a><\/figure><\/div>\n\n\n<hr class=\"wp-block-separator has-alpha-channel-opacity\"\/>\n\n\n\n<p><strong>En 2023, nous avons, avec l&rsquo;aide de l&rsquo;asbl Jeunesses scientifiques, construit une mini-sation d&rsquo;\u00e9puration de l&rsquo;eau. Notre objectif \u00e9tait de rendre l&rsquo;eau des \u00e9tangs de notre ville plus propre.  Pour d\u00e9couvrir notre projet, c&rsquo;est <a href=\"https:\/\/read.bookcreator.com\/YV0yQxR5pPb5tvAbVkGfmJV6pPV2\/NLduamyITCa3qBr8KpmEnw\">ici<\/a>.<\/strong><\/p>\n\n\n<div class=\"wp-block-image\">\n<figure class=\"aligncenter size-full is-resized\"><a href=\"https:\/\/read.bookcreator.com\/YV0yQxR5pPb5tvAbVkGfmJV6pPV2\/NLduamyITCa3qBr8KpmEnw\"><img loading=\"lazy\" decoding=\"async\" width=\"696\" height=\"679\" src=\"https:\/\/www.maclasse-srs.be\/wp-content\/uploads\/2024\/08\/Capture-decran-2024-08-14-163907.png\" alt=\"\" class=\"wp-image-1595\" style=\"width:278px;height:auto\" srcset=\"https:\/\/www.maclasse-srs.be\/wp-content\/uploads\/2024\/08\/Capture-decran-2024-08-14-163907.png 696w, https:\/\/www.maclasse-srs.be\/wp-content\/uploads\/2024\/08\/Capture-decran-2024-08-14-163907-300x293.png 300w, https:\/\/www.maclasse-srs.be\/wp-content\/uploads\/2024\/08\/Capture-decran-2024-08-14-163907-624x609.png 624w\" sizes=\"auto, (max-width: 696px) 100vw, 696px\" \/><\/a><\/figure><\/div>\n\n\n<hr class=\"wp-block-separator has-alpha-channel-opacity\"\/>\n\n\n\n<p><strong>En 2024-2025, nous avons r\u00e9alis\u00e9 deux projets en \u00ab\u00a0Education Culturelle et Artistique (ECA)\u00a0\u00bb. Deux \u0153uvres collectives dont l&rsquo;une avec l&rsquo;aide d&rsquo;une vitrailliste.<\/strong><\/p>\n\n\n\n<div class=\"wp-block-group\"><div class=\"wp-block-group__inner-container is-layout-constrained wp-block-group-is-layout-constrained\">\n<figure class=\"wp-block-gallery has-nested-images columns-default is-cropped wp-block-gallery-1 is-layout-flex wp-block-gallery-is-layout-flex\">\n<figure class=\"wp-block-image size-large\"><a href=\"https:\/\/www.maclasse-srs.be\/wp-content\/uploads\/2025\/05\/Capture-decran-2025-05-11-213843.png\"><img loading=\"lazy\" decoding=\"async\" width=\"370\" height=\"368\" data-id=\"1627\" src=\"https:\/\/www.maclasse-srs.be\/wp-content\/uploads\/2025\/05\/Capture-decran-2025-05-11-213843.png\" alt=\"\" class=\"wp-image-1627\" srcset=\"https:\/\/www.maclasse-srs.be\/wp-content\/uploads\/2025\/05\/Capture-decran-2025-05-11-213843.png 370w, https:\/\/www.maclasse-srs.be\/wp-content\/uploads\/2025\/05\/Capture-decran-2025-05-11-213843-300x298.png 300w, https:\/\/www.maclasse-srs.be\/wp-content\/uploads\/2025\/05\/Capture-decran-2025-05-11-213843-150x150.png 150w\" sizes=\"auto, (max-width: 370px) 100vw, 370px\" \/><\/a><\/figure>\n\n\n\n<figure class=\"wp-block-image size-large\"><a href=\"https:\/\/www.maclasse-srs.be\/wp-content\/uploads\/2025\/05\/Concours-Soprano-Loiseau-de-nos-libertes-P5A-SRS.jpeg\"><img loading=\"lazy\" decoding=\"async\" width=\"1024\" height=\"731\" data-id=\"1622\" src=\"https:\/\/www.maclasse-srs.be\/wp-content\/uploads\/2025\/05\/Concours-Soprano-Loiseau-de-nos-libertes-P5A-SRS-1024x731.jpeg\" alt=\"\" class=\"wp-image-1622\" srcset=\"https:\/\/www.maclasse-srs.be\/wp-content\/uploads\/2025\/05\/Concours-Soprano-Loiseau-de-nos-libertes-P5A-SRS-1024x731.jpeg 1024w, https:\/\/www.maclasse-srs.be\/wp-content\/uploads\/2025\/05\/Concours-Soprano-Loiseau-de-nos-libertes-P5A-SRS-300x214.jpeg 300w, https:\/\/www.maclasse-srs.be\/wp-content\/uploads\/2025\/05\/Concours-Soprano-Loiseau-de-nos-libertes-P5A-SRS-768x548.jpeg 768w, https:\/\/www.maclasse-srs.be\/wp-content\/uploads\/2025\/05\/Concours-Soprano-Loiseau-de-nos-libertes-P5A-SRS-1536x1097.jpeg 1536w, https:\/\/www.maclasse-srs.be\/wp-content\/uploads\/2025\/05\/Concours-Soprano-Loiseau-de-nos-libertes-P5A-SRS-624x445.jpeg 624w, https:\/\/www.maclasse-srs.be\/wp-content\/uploads\/2025\/05\/Concours-Soprano-Loiseau-de-nos-libertes-P5A-SRS.jpeg 2048w\" sizes=\"auto, (max-width: 1024px) 100vw, 1024px\" \/><\/a><\/figure>\n<\/figure>\n<\/div><\/div>\n\n\n\n<p><\/p>\n","protected":false},"excerpt":{"rendered":"<p>Chaque classe a son histoire. Chaque histoire est faite de projets. Je fais \u00e9galement partie de cette aventure&#8230; En 2013, notre classe a adopt\u00e9 un sentier. Ce projet coordonn\u00e9 par l&rsquo;asbl sentiers.be continue son chemin. Pour en d\u00e9couvrir les d\u00e9buts&#8230; Voici un lien vers un reportage de notre t\u00e9l\u00e9vision locale : Une exp\u00e9rience \u00ab\u00a0t\u00e9l\u00e9\u00a0\u00bb, cela [&hellip;]<\/p>\n","protected":false},"author":1,"featured_media":0,"parent":0,"menu_order":0,"comment_status":"closed","ping_status":"closed","template":"","meta":{"footnotes":""},"class_list":["post-48","page","type-page","status-publish","hentry"],"_links":{"self":[{"href":"https:\/\/www.maclasse-srs.be\/index.php?rest_route=\/wp\/v2\/pages\/48","targetHints":{"allow":["GET"]}}],"collection":[{"href":"https:\/\/www.maclasse-srs.be\/index.php?rest_route=\/wp\/v2\/pages"}],"about":[{"href":"https:\/\/www.maclasse-srs.be\/index.php?rest_route=\/wp\/v2\/types\/page"}],"author":[{"embeddable":true,"href":"https:\/\/www.maclasse-srs.be\/index.php?rest_route=\/wp\/v2\/users\/1"}],"replies":[{"embeddable":true,"href":"https:\/\/www.maclasse-srs.be\/index.php?rest_route=%2Fwp%2Fv2%2Fcomments&post=48"}],"version-history":[{"count":31,"href":"https:\/\/www.maclasse-srs.be\/index.php?rest_route=\/wp\/v2\/pages\/48\/revisions"}],"predecessor-version":[{"id":1629,"href":"https:\/\/www.maclasse-srs.be\/index.php?rest_route=\/wp\/v2\/pages\/48\/revisions\/1629"}],"wp:attachment":[{"href":"https:\/\/www.maclasse-srs.be\/index.php?rest_route=%2Fwp%2Fv2%2Fmedia&parent=48"}],"curies":[{"name":"wp","href":"https:\/\/api.w.org\/{rel}","templated":true}]}}